{"id":559,"date":"2022-08-26T14:26:13","date_gmt":"2022-08-26T12:26:13","guid":{"rendered":"https:\/\/occitania-design.fr\/?post_type=product&#038;p=559"},"modified":"2022-08-26T16:12:03","modified_gmt":"2022-08-26T14:12:03","slug":"porte-savon-vintage-en-fonte","status":"publish","type":"product","link":"https:\/\/occitania-design.fr\/index.php\/product\/porte-savon-vintage-en-fonte\/","title":{"rendered":"Porte-savon Vintage en Fonte"},"content":{"rendered":"<p>Nous avons mis la main sur un petit stock de vieux portes savon en fonte: tr\u00e8s charmants, ils apporteront a votre int\u00e9rieur une petite note vintage.<\/p>\n<p>&nbsp;<\/p>\n<ul>\n<li>Produit: Porte savon<\/li>\n<li>Mat\u00e9riau: Fonte<\/li>\n<li>Couleur: Noir<\/li>\n<li>Taille (coq) : 15.7 x 11.8 cm<\/li>\n<li>Taille (vache) : 15.7 x 11 cm<\/li>\n<li>Taille (tournesol) : 15.7 x 12.6 cm<\/li>\n<li>Poids: Environ 640 g<\/li>\n<\/ul>\n<p>&nbsp;<\/p>\n<p><strong>Le paquet comprend :<\/strong><\/p>\n<ul>\n<li>1 x Porte savon<\/li>\n<\/ul>\n<p><img src=\"https:\/\/dropshipmeservice.com\/\/uploads\/89000\/89987\/\/9f9f941ed6c01976da50b59a5f2e21ca.jpg\" \/><img src=\"https:\/\/dropshipmeservice.com\/\/uploads\/89000\/89987\/\/a6452f394f6333f3892f2d9e4e0cb766.jpg\" \/><img src=\"https:\/\/dropshipmeservice.com\/\/uploads\/89000\/89987\/\/b540b5c6e37834fc7d5f8b7ec39ec017.jpg\" \/><img src=\"https:\/\/dropshipmeservice.com\/\/uploads\/89000\/89987\/\/6ae5921ea55879f83c2209a782039fdd.jpg\" \/><\/p>\n","protected":false},"excerpt":{"rendered":"<p>Nous avons mis la main sur un petit stock de vieux portes savon en fonte: tr\u00e8s charmants, ils apporteront a votre int\u00e9rieur une petite note vintage. &nbsp; Produit: Porte savon Mat\u00e9riau: Fonte Couleur: Noir Taille (coq) : 15.7 x 11.8 cm Taille (vache) : 15.7 x 11 cm Taille (tournesol) : 15.7 x 12.6 cm&hellip;&nbsp;<a href=\"https:\/\/occitania-design.fr\/index.php\/product\/porte-savon-vintage-en-fonte\/\" class=\"\" rel=\"bookmark\">Lire la suite &raquo;<span class=\"screen-reader-text\">Porte-savon Vintage en Fonte<\/span><\/a><\/p>\n","protected":false},"featured_media":563,"comment_status":"open","ping_status":"closed","template":"","meta":{"om_disable_all_campaigns":false,"_monsterinsights_skip_tracking":false,"_monsterinsights_sitenote_active":false,"_monsterinsights_sitenote_note":"","_monsterinsights_sitenote_category":0,"neve_meta_sidebar":"","neve_meta_container":"","neve_meta_enable_content_width":"off","neve_meta_content_width":100,"neve_meta_title_alignment":"","neve_meta_author_avatar":"","neve_post_elements_order":"","neve_meta_disable_header":"","neve_meta_disable_footer":"","neve_meta_disable_title":"","_themeisle_gutenberg_block_has_review":false,"_ti_tpc_template_sync":false,"_ti_tpc_template_id":""},"product_cat":[35],"product_tag":[92,91,89,90],"aioseo_notices":[],"_links":{"self":[{"href":"https:\/\/occitania-design.fr\/index.php\/wp-json\/wp\/v2\/product\/559"}],"collection":[{"href":"https:\/\/occitania-design.fr\/index.php\/wp-json\/wp\/v2\/product"}],"about":[{"href":"https:\/\/occitania-design.fr\/index.php\/wp-json\/wp\/v2\/types\/product"}],"replies":[{"embeddable":true,"href":"https:\/\/occitania-design.fr\/index.php\/wp-json\/wp\/v2\/comments?post=559"}],"wp:featuredmedia":[{"embeddable":true,"href":"https:\/\/occitania-design.fr\/index.php\/wp-json\/wp\/v2\/media\/563"}],"wp:attachment":[{"href":"https:\/\/occitania-design.fr\/index.php\/wp-json\/wp\/v2\/media?parent=559"}],"wp:term":[{"taxonomy":"product_cat","embeddable":true,"href":"https:\/\/occitania-design.fr\/index.php\/wp-json\/wp\/v2\/product_cat?post=559"},{"taxonomy":"product_tag","embeddable":true,"href":"https:\/\/occitania-design.fr\/index.php\/wp-json\/wp\/v2\/product_tag?post=559"}],"curies":[{"name":"wp","href":"https:\/\/api.w.org\/{rel}","templated":true}]}}