{"id":396,"date":"2022-08-25T19:57:34","date_gmt":"2022-08-25T17:57:34","guid":{"rendered":"https:\/\/occitania-design.fr\/?page_id=396"},"modified":"2022-08-26T18:38:07","modified_gmt":"2022-08-26T16:38:07","slug":"mentions-legales","status":"publish","type":"page","link":"https:\/\/occitania-design.fr\/index.php\/mentions-legales\/","title":{"rendered":"Mentions Legales"},"content":{"rendered":"\n<div id=\"wp-block-themeisle-blocks-advanced-columns-fc692f9f\" class=\"wp-block-themeisle-blocks-advanced-columns has-1-columns has-desktop-equal-layout has-tablet-equal-layout has-mobile-equal-layout has-vertical-unset\"><div class=\"wp-block-themeisle-blocks-advanced-columns-overlay\"><\/div><div class=\"innerblocks-wrap\">\n<div id=\"wp-block-themeisle-blocks-advanced-column-9e6ac47c\" class=\"wp-block-themeisle-blocks-advanced-column\">\n<p>Mentions l\u00e9gales r\u00e9glement\u00e9es par la loi n\u00b078-17 du 6 janvier 1978 relative \u00e0 l\u2019informatique, aux fichiers et aux libert\u00e9s et la loi n\u00b0 2004-575 du 21 juin 2004 pour la Confiance dans l\u2019Economie Num\u00e9rique. <a href=\"https:\/\/www.legifrance.gouv.fr\/loda\/id\/LEGITEXT000006068624\/2019-06-04\/\" target=\"_blank\" rel=\"noopener nofollow\" class=\"external external_icon\">LIEN VERS LA LOI<\/a> <\/p>\n\n\n\n<p><strong>Donn\u00e9es personnelles :<\/strong><\/p>\n\n\n\n<p>Vos donn\u00e9es personnelles (nom, pr\u00e9nom, adresse, code postal, ville, e-mail, \u2026) sont collect\u00e9es dans le strict respect de la loi n\u00b0 2004-575 du 21 juin 2004 pour la Confiance dans l\u2019Economie Num\u00e9rique.<\/p>\n\n\n\n<p>Conform\u00e9ment \u00e0 la loi n\u00b078-17 du 6 janvier 1978 relative \u00e0 l\u2019informatique, aux fichiers et aux libert\u00e9s, modifi\u00e9e par la nouvelle loi Informatique et Libert\u00e9s du 6 ao\u00fbt 2004, vous disposez d\u2019un droit d\u2019acc\u00e8s, de modifications, de rectifications et de suppression des donn\u00e9es qui vous concernent. Pour cela il vous suffit de nous contacter par courrier, par e-mail ou par t\u00e9l\u00e9phone.<\/p>\n\n\n\n<p><strong>Droits d\u2019auteur :<\/strong><\/p>\n\n\n\n<p>Toute reproduction totale ou partielle du design, des textes, des photos ou des mises en page est interdite, conform\u00e9ment aux dispositions de l\u2019article L. 122-4 du Code de la propri\u00e9t\u00e9 intellectuelle. Tout contrevenant sera passible de poursuites judiciaires pour contrefa\u00e7on.<\/p>\n\n\n\n<p><strong>Si\u00e8ge social :<\/strong><\/p>\n\n\n\n<p>OCCITANIA DESIGN<br>6 Rue de l&rsquo;oustal<br>81200 MAZAMET<br><\/p>\n\n\n\n<p>CONTACT<\/p>\n\n\n\n<p>06 08 75 80 67<\/p>\n\n\n\n<p>contact@occitania-design.fr<\/p>\n\n\n\n<p>Repr\u00e9sentant l\u00e9gal : Virgile Paul<\/p>\n\n\n\n<p>Num\u00e9ro d\u2019immatriculation de l\u2019entreprise : SIRET 533 556 882<\/p>\n\n\n\n<p><strong>H\u00e9bergeur du site :<\/strong><\/p>\n\n\n\n<div class=\"wp-container-2 wp-block-group\"><div class=\"wp-block-group__inner-container\">\n<div class=\"wp-container-1 is-vertical wp-block-group\">\n<p>Hostinger International Ltd<br>61 Lordou Vironos st.<br>6023 Larnaca<\/p>\n\n\n\n<p>CYPRUS<\/p>\n<\/div>\n<\/div><\/div>\n<\/div>\n<\/div><\/div>\n","protected":false},"excerpt":{"rendered":"","protected":false},"author":1,"featured_media":0,"parent":0,"menu_order":0,"comment_status":"closed","ping_status":"closed","template":"","meta":{"om_disable_all_campaigns":false,"_monsterinsights_skip_tracking":false,"_monsterinsights_sitenote_active":false,"_monsterinsights_sitenote_note":"","_monsterinsights_sitenote_category":0,"neve_meta_sidebar":"","neve_meta_container":"","neve_meta_enable_content_width":"","neve_meta_content_width":0,"neve_meta_title_alignment":"","neve_meta_author_avatar":"","neve_post_elements_order":"","neve_meta_disable_header":"","neve_meta_disable_footer":"","neve_meta_disable_title":"","_themeisle_gutenberg_block_has_review":false,"_ti_tpc_template_sync":false,"_ti_tpc_template_id":""},"aioseo_notices":[],"_links":{"self":[{"href":"https:\/\/occitania-design.fr\/index.php\/wp-json\/wp\/v2\/pages\/396"}],"collection":[{"href":"https:\/\/occitania-design.fr\/index.php\/wp-json\/wp\/v2\/pages"}],"about":[{"href":"https:\/\/occitania-design.fr\/index.php\/wp-json\/wp\/v2\/types\/page"}],"author":[{"embeddable":true,"href":"https:\/\/occitania-design.fr\/index.php\/wp-json\/wp\/v2\/users\/1"}],"replies":[{"embeddable":true,"href":"https:\/\/occitania-design.fr\/index.php\/wp-json\/wp\/v2\/comments?post=396"}],"version-history":[{"count":3,"href":"https:\/\/occitania-design.fr\/index.php\/wp-json\/wp\/v2\/pages\/396\/revisions"}],"predecessor-version":[{"id":587,"href":"https:\/\/occitania-design.fr\/index.php\/wp-json\/wp\/v2\/pages\/396\/revisions\/587"}],"wp:attachment":[{"href":"https:\/\/occitania-design.fr\/index.php\/wp-json\/wp\/v2\/media?parent=396"}],"curies":[{"name":"wp","href":"https:\/\/api.w.org\/{rel}","templated":true}]}}