{"id":326,"date":"2020-09-09T17:55:08","date_gmt":"2020-09-09T15:55:08","guid":{"rendered":"https:\/\/demosites.io\/shop-gb\/?page_id=265"},"modified":"2022-09-10T14:39:31","modified_gmt":"2022-09-10T12:39:31","slug":"52e3e-home","status":"publish","type":"page","link":"https:\/\/occitania-design.fr\/","title":{"rendered":"Accueil"},"content":{"rendered":"\n<div id=\"wp-block-themeisle-blocks-advanced-columns-2e16e929\" class=\"wp-block-themeisle-blocks-advanced-columns alignfull has-1-columns has-desktop-equal-layout has-tablet-equal-layout has-mobile-equal-layout has-vertical-center\"><div class=\"wp-block-themeisle-blocks-advanced-columns-overlay\"><\/div><div class=\"innerblocks-wrap\">\n<div id=\"wp-block-themeisle-blocks-advanced-column-630e65ce\" class=\"wp-block-themeisle-blocks-advanced-column\">\n<h1 class=\"has-text-align-center has-nv-text-dark-bg-color has-text-color\">Mobilier, decorations et objets ARTISANAUX made in occitanie<\/h1>\n\n\n\n<p class=\"has-text-align-center has-nv-site-bg-color has-text-color\">Tous nos produits sont con\u00e7us ou transform\u00e9s \u00e0 la main, dans le Tarn (Occitanie).<\/p>\n\n\n\n<div class=\"wp-container-1 is-horizontal is-content-justification-center wp-block-buttons\">\n<div class=\"wp-block-button is-style-primary\"><a class=\"wp-block-button__link\" href=\"https:\/\/occitania-design.fr\/index.php\/boutique\/\">VOIR TOUT LES PRODUITS<\/a><\/div>\n<\/div>\n\n\n\n<div style=\"height:40px\" aria-hidden=\"true\" class=\"wp-block-spacer\"><\/div>\n<\/div>\n<\/div><\/div>\n\n\n\n<div id=\"wp-block-themeisle-blocks-advanced-columns-57bfef66\" class=\"wp-block-themeisle-blocks-advanced-columns alignfull has-1-columns has-desktop-equal-layout has-tablet-equal-layout has-mobile-equal-layout has-vertical-unset\"><div class=\"wp-block-themeisle-blocks-advanced-columns-overlay\"><\/div><div class=\"innerblocks-wrap\">\n<div id=\"wp-block-themeisle-blocks-advanced-column-88849554\" class=\"wp-block-themeisle-blocks-advanced-column\">\n<h2 class=\"has-text-align-center\">L&rsquo;ELEGANCE dans la simplicit\u00e9<\/h2>\n\n\n\n<p class=\"has-text-align-center\"><em>Elegance isn&rsquo;t solely defined by what you possess. It&rsquo;s how you carry yourself.<\/em><\/p>\n\n\n\n<div id=\"wp-block-themeisle-blocks-advanced-columns-f4d5db45\" class=\"wp-block-themeisle-blocks-advanced-columns has-3-columns has-desktop-equal-layout has-tablet-equal-layout has-mobile-collapsedRows-layout has-vertical-unset\"><div class=\"wp-block-themeisle-blocks-advanced-columns-overlay\"><\/div><div class=\"innerblocks-wrap\">\n<div id=\"wp-block-themeisle-blocks-advanced-column-abaf1f32\" class=\"wp-block-themeisle-blocks-advanced-column\">\n<div class=\"wp-block-themeisle-blocks-service\">\n<div id=\"wp-block-themeisle-blocks-font-awesome-icons-83293f68\" class=\"wp-block-themeisle-blocks-font-awesome-icons\"><span class=\"wp-block-themeisle-blocks-font-awesome-icons-container\"><i class=\"fas fa-tree\"><\/i><\/span><\/div>\n\n\n\n<h3 class=\"has-text-align-center\">Produits Respectueux<\/h3>\n\n\n\n<p class=\"has-text-align-center has-neve-text-color-color has-text-color\">Tous nos meubles et objets de d\u00e9corations en bois sont recycl\u00e9 ou issu de for\u00eat FSC situ\u00e9 dans la r\u00e9gion d&rsquo;Occitanie. <\/p>\n<\/div>\n<\/div>\n\n\n\n<div id=\"wp-block-themeisle-blocks-advanced-column-2670760a\" class=\"wp-block-themeisle-blocks-advanced-column\">\n<div class=\"wp-block-themeisle-blocks-service\">\n<div id=\"wp-block-themeisle-blocks-font-awesome-icons-48f0c34c\" class=\"wp-block-themeisle-blocks-font-awesome-icons\"><span class=\"wp-block-themeisle-blocks-font-awesome-icons-container\"><i class=\"fas fa-shipping-fast\"><\/i><\/span><\/div>\n\n\n\n<h3 class=\"has-text-align-center\">livraison rapide<\/h3>\n\n\n\n<p class=\"has-text-align-center has-neve-text-color-color has-text-color\">Nous livrons nos produits rapidement et de mani\u00e8re flexible dans toute la France. <\/p>\n<\/div>\n<\/div>\n\n\n\n<div id=\"wp-block-themeisle-blocks-advanced-column-4f9991e5\" class=\"wp-block-themeisle-blocks-advanced-column\">\n<div class=\"wp-block-themeisle-blocks-service ticss-a39445e5\">\n<div id=\"wp-block-themeisle-blocks-font-awesome-icons-8351db79\" class=\"wp-block-themeisle-blocks-font-awesome-icons\"><span class=\"wp-block-themeisle-blocks-font-awesome-icons-container\"><i class=\"fas fa-recycle\"><\/i><\/span><\/div>\n\n\n\n<h3 class=\"has-text-align-center\">100% durable<\/h3>\n\n\n\n<p class=\"has-text-align-center ticss-4861723b\">Des produits brut pour une consommation responsable : tout nos produits sont recycl\u00e9s ou recyclable.<\/p>\n<\/div>\n<\/div>\n<\/div><\/div>\n<\/div>\n<\/div><\/div>\n\n\n\n<div id=\"wp-block-themeisle-blocks-advanced-columns-11adf6c7\" class=\"wp-block-themeisle-blocks-advanced-columns has-1-columns has-desktop-equal-layout has-tablet-equal-layout has-mobile-equal-layout has-vertical-unset\"><div class=\"wp-block-themeisle-blocks-advanced-columns-overlay\"><\/div><div class=\"innerblocks-wrap\">\n<div id=\"wp-block-themeisle-blocks-advanced-column-8e84f112\" class=\"wp-block-themeisle-blocks-advanced-column\">\n<h2 class=\"has-text-align-center\">DERNIERS PRODUITS<\/h2>\n\n\n\n<div style=\"height:40px\" aria-hidden=\"true\" class=\"wp-block-spacer\"><\/div>\n\n\n<div data-block-name=\"woocommerce\/handpicked-products\" data-columns=\"4\" data-content-visibility=\"{&quot;title&quot;:true,&quot;price&quot;:true,&quot;rating&quot;:true,&quot;button&quot;:false}\" data-orderby=\"menu_order\" data-products=\"[559]\" data-align-buttons=\"true\" class=\"wc-block-grid wp-block-handpicked-products wc-block-handpicked-products has-4-columns has-multiple-rows has-aligned-buttons\"><ul class=\"wc-block-grid__products\"><li class=\"wc-block-grid__product\">\n\t\t\t\t<a href=\"https:\/\/occitania-design.fr\/index.php\/product\/porte-savon-vintage-en-fonte\/\" class=\"wc-block-grid__product-link\">\n\t\t\t\t\t<div class=\"wc-block-grid__product-image\"><img width=\"300\" height=\"300\" src=\"https:\/\/occitania-design.fr\/wp-content\/uploads\/2022\/08\/559-acfd7492ccdb2b39a533f734216ecef0-300x300.jpg\" class=\"attachment-woocommerce_thumbnail size-woocommerce_thumbnail\" alt=\"Porte-savon Vintage en Fonte\" loading=\"lazy\" srcset=\"https:\/\/occitania-design.fr\/wp-content\/uploads\/2022\/08\/559-acfd7492ccdb2b39a533f734216ecef0-300x300.jpg 300w, https:\/\/occitania-design.fr\/wp-content\/uploads\/2022\/08\/559-acfd7492ccdb2b39a533f734216ecef0-150x150.jpg 150w, https:\/\/occitania-design.fr\/wp-content\/uploads\/2022\/08\/559-acfd7492ccdb2b39a533f734216ecef0-768x768.jpg 768w, https:\/\/occitania-design.fr\/wp-content\/uploads\/2022\/08\/559-acfd7492ccdb2b39a533f734216ecef0-600x600.jpg 600w, https:\/\/occitania-design.fr\/wp-content\/uploads\/2022\/08\/559-acfd7492ccdb2b39a533f734216ecef0-100x100.jpg 100w, https:\/\/occitania-design.fr\/wp-content\/uploads\/2022\/08\/559-acfd7492ccdb2b39a533f734216ecef0.jpg 800w\" sizes=\"(max-width: 300px) 100vw, 300px\" \/><\/div>\n\t\t\t\t\t<div class=\"wc-block-grid__product-title\">Porte-savon Vintage en Fonte<\/div>\n\t\t\t\t<\/a>\n\t\t\t\t\n\t\t\t\t<div class=\"wc-block-grid__product-price price\"><span class=\"woocommerce-Price-amount amount\"><span class=\"woocommerce-Price-currencySymbol\">&euro;<\/span>13.60<\/span><\/div>\n\t\t\t\t\n\t\t\t\t\n\t\t\t<\/li><\/ul><\/div>\n\n\n<div style=\"height:40px\" aria-hidden=\"true\" class=\"wp-block-spacer\"><\/div>\n\n\n\n<div class=\"wp-container-2 is-horizontal is-content-justification-center wp-block-buttons\">\n<div class=\"wp-block-button is-style-primary\"><a class=\"wp-block-button__link\" href=\"https:\/\/occitania-design.fr\/index.php\/boutique\/\">VOIR TOUS LES PRODUITS<\/a><\/div>\n<\/div>\n<\/div>\n<\/div><\/div>\n\n\n\n<div id=\"wp-block-themeisle-blocks-advanced-columns-ebdfb20d\" class=\"wp-block-themeisle-blocks-advanced-columns alignfull has-1-columns has-desktop-equal-layout has-tablet-equal-layout has-mobile-equal-layout has-vertical-unset\"><div class=\"wp-block-themeisle-blocks-advanced-columns-overlay\"><\/div><div class=\"innerblocks-wrap\">\n<div id=\"wp-block-themeisle-blocks-advanced-column-1533a724\" class=\"wp-block-themeisle-blocks-advanced-column\">\n<h2 class=\"has-text-align-center has-nv-site-bg-color has-text-color\" style=\"font-size:30px\">soyez inspir\u00e9. devancez les tendances.<\/h2>\n<\/div>\n<\/div><\/div>\n\n\n\n<p><\/p>\n\n\n\n<p class=\"has-text-align-center\">Donner une deuxi\u00e8me vie et faire jaillir d\u2019anciens souvenir en utilisant des outils et mat\u00e9riaux anciens, tel est la volont\u00e9 d&rsquo;<strong>OCCITANIA DESIGN<\/strong>.<\/p>\n\n\n\n<p class=\"has-text-align-center\">Tout chez nous est dans l\u2019authentique ! Les pi\u00e8ces de bois que nous utilisons, extrait des bois &amp; for\u00eats Tarnaises (Souvent dans des lieux inextricables) sont retouch\u00e9s au minimum pour<strong>\u00a0pr\u00e9server l\u2019authenticit\u00e9 des pi\u00e8ces et mat\u00e9riaux.<\/strong><\/p>\n\n\n\n<p class=\"has-text-align-center\">Nos objets sont parfois en m\u00e9tal, parfois en bois, parfois en c\u00e9ramique, mais ils sont tous soit de seconde main ou bien ayant subi le moins de transformation possible. Nous nous effor\u00e7ons de vous proposer des produits locaux et vintage.<\/p>\n\n\n\n<p><\/p>\n\n\n\n<p><\/p>\n\n\n\n<p><\/p>\n","protected":false},"excerpt":{"rendered":"<p>Donner une deuxi\u00e8me vie et faire jaillir d\u2019anciens souvenir en utilisant des outils et mat\u00e9riaux anciens, tel est la volont\u00e9 d&rsquo;OCCITANIA DESIGN. Tout chez nous est dans l\u2019authentique ! Les pi\u00e8ces de bois que nous utilisons, extrait des bois &amp; for\u00eats Tarnaises (Souvent dans des lieux inextricables) sont retouch\u00e9s au minimum pour\u00a0pr\u00e9server l\u2019authenticit\u00e9 des pi\u00e8ces&hellip;&nbsp;<a href=\"https:\/\/occitania-design.fr\/\" class=\"\" rel=\"bookmark\">Lire la suite &raquo;<span class=\"screen-reader-text\">Accueil<\/span><\/a><\/p>\n","protected":false},"author":1,"featured_media":0,"parent":0,"menu_order":0,"comment_status":"closed","ping_status":"closed","template":"","meta":{"om_disable_all_campaigns":false,"_monsterinsights_skip_tracking":false,"_monsterinsights_sitenote_active":false,"_monsterinsights_sitenote_note":"","_monsterinsights_sitenote_category":0,"neve_meta_sidebar":"full-width","neve_meta_container":"default","neve_meta_enable_content_width":"on","neve_meta_content_width":100,"neve_meta_title_alignment":"","neve_meta_author_avatar":"","neve_post_elements_order":"","neve_meta_disable_header":"","neve_meta_disable_footer":"","neve_meta_disable_title":"on","_themeisle_gutenberg_block_has_review":false,"_ti_tpc_template_sync":false,"_ti_tpc_template_id":"gr8bqs7wzvjdejq7v4p9"},"aioseo_notices":[],"_links":{"self":[{"href":"https:\/\/occitania-design.fr\/index.php\/wp-json\/wp\/v2\/pages\/326"}],"collection":[{"href":"https:\/\/occitania-design.fr\/index.php\/wp-json\/wp\/v2\/pages"}],"about":[{"href":"https:\/\/occitania-design.fr\/index.php\/wp-json\/wp\/v2\/types\/page"}],"author":[{"embeddable":true,"href":"https:\/\/occitania-design.fr\/index.php\/wp-json\/wp\/v2\/users\/1"}],"replies":[{"embeddable":true,"href":"https:\/\/occitania-design.fr\/index.php\/wp-json\/wp\/v2\/comments?post=326"}],"version-history":[{"count":14,"href":"https:\/\/occitania-design.fr\/index.php\/wp-json\/wp\/v2\/pages\/326\/revisions"}],"predecessor-version":[{"id":626,"href":"https:\/\/occitania-design.fr\/index.php\/wp-json\/wp\/v2\/pages\/326\/revisions\/626"}],"wp:attachment":[{"href":"https:\/\/occitania-design.fr\/index.php\/wp-json\/wp\/v2\/media?parent=326"}],"curies":[{"name":"wp","href":"https:\/\/api.w.org\/{rel}","templated":true}]}}