{"id":281,"date":"2020-09-10T11:28:04","date_gmt":"2020-09-10T11:28:04","guid":{"rendered":"https:\/\/demosites.io\/shop-gb\/?page_id=281"},"modified":"2022-08-24T17:33:42","modified_gmt":"2022-08-24T15:33:42","slug":"52e3e-about","status":"publish","type":"page","link":"https:\/\/occitania-design.fr\/index.php\/52e3e-about\/","title":{"rendered":"Qui sommes nous"},"content":{"rendered":"\n<div id=\"wp-block-themeisle-blocks-advanced-columns-376eb3a4\" class=\"wp-block-themeisle-blocks-advanced-columns alignfull has-1-columns has-desktop-equal-layout has-tablet-equal-layout has-mobile-equal-layout has-vertical-unset\"><div class=\"wp-block-themeisle-blocks-advanced-columns-overlay\"><\/div><div class=\"innerblocks-wrap\">\n<div id=\"wp-block-themeisle-blocks-advanced-column-2e01688c\" class=\"wp-block-themeisle-blocks-advanced-column\">\n<h1 class=\"has-text-align-center has-nv-text-dark-bg-color has-text-color\">QUI SOMMES NOUS<\/h1>\n\n\n\n<h3 class=\"has-text-align-center has-nv-site-bg-color has-text-color\">NOTRE LIGNE DIRECTRICE<\/h3>\n\n\n\n<p class=\"has-nv-site-bg-color has-text-color\">OCCITANIA DESIGN est n\u00e9 d\u2019une id\u00e9e simple : en tant que consom-acteurs, nous recherchons des produits locaux, naturels et travaill\u00e9s avec authenticit\u00e9. Pourquoi cette d\u00e9marche -devenue incontournable dans nos assiettes- ne pourrait elle pas s\u2019inviter dans nos int\u00e9rieurs ?<\/p>\n\n\n\n<p class=\"has-nv-site-bg-color has-text-color\">Qu\u2019il s\u2019agisse de meubles, luminaires, objets de d\u00e9coration, il existe un \u00e9cosyst\u00e8me de designers et artisans, au plus proche de chez nous dans notre belle r\u00e9gion d&rsquo;Occitanie, capables de faire parler les formes et les mati\u00e8res d\u2019une mani\u00e8re totalement inattendue .<\/p>\n\n\n\n<p class=\"has-nv-site-bg-color has-text-color\">Design classique ou \u00e9motionnel, mati\u00e8res naturelles et circuits courts sont le c\u0153ur de notre r\u00e9flexion. Avec une pointe d\u2019originalit\u00e9, bien s\u00fbr\u2026 Nous nous effor\u00e7ons d&rsquo;utiliser au maximum des produits en provenance du Tarn <\/p>\n<\/div>\n<\/div><\/div>\n\n\n\n<div id=\"wp-block-themeisle-blocks-advanced-columns-a7450347\" class=\"wp-block-themeisle-blocks-advanced-columns alignfull has-1-columns has-desktop-equal-layout has-tablet-equal-layout has-mobile-equal-layout has-vertical-unset\"><div class=\"wp-block-themeisle-blocks-advanced-columns-overlay\"><\/div><div class=\"innerblocks-wrap\">\n<div id=\"wp-block-themeisle-blocks-advanced-column-1e403eb7\" class=\"wp-block-themeisle-blocks-advanced-column\">\n<h2 id=\"wp-block-themeisle-blocks-advanced-heading-3cb7d7aa\" class=\"wp-block-themeisle-blocks-advanced-heading wp-block-themeisle-blocks-advanced-heading-3cb7d7aa\">NOS ATOUTS<\/h2>\n\n\n\n<p class=\"has-text-align-center\">Les choses qui nous rendent sp\u00e9cial<\/p>\n\n\n\n<div id=\"wp-block-themeisle-blocks-advanced-columns-3a2ac9c4\" class=\"wp-block-themeisle-blocks-advanced-columns has-4-columns has-desktop-equal-layout has-tablet-equal-layout has-mobile-collapsedRows-layout has-vertical-unset\"><div class=\"wp-block-themeisle-blocks-advanced-columns-overlay\"><\/div><div class=\"innerblocks-wrap\">\n<div id=\"wp-block-themeisle-blocks-advanced-column-0b8cf53c\" class=\"wp-block-themeisle-blocks-advanced-column\">\n<div class=\"wp-block-themeisle-blocks-service\">\n<div id=\"wp-block-themeisle-blocks-font-awesome-icons-842bee7c\" class=\"wp-block-themeisle-blocks-font-awesome-icons\"><span class=\"wp-block-themeisle-blocks-font-awesome-icons-container\"><i class=\"far fa-lightbulb\"><\/i><\/span><\/div>\n\n\n\n<h3 class=\"has-text-align-center\">ID\u00c9ES ET CONCEPTS<\/h3>\n\n\n\n<p class=\"has-text-align-center\">Concepts novateurs, transformation des usages.\u200b<\/p>\n<\/div>\n<\/div>\n\n\n\n<div id=\"wp-block-themeisle-blocks-advanced-column-1fcba794\" class=\"wp-block-themeisle-blocks-advanced-column\">\n<div class=\"wp-block-themeisle-blocks-service\">\n<div id=\"wp-block-themeisle-blocks-font-awesome-icons-132b83ba\" class=\"wp-block-themeisle-blocks-font-awesome-icons\"><span class=\"wp-block-themeisle-blocks-font-awesome-icons-container\"><i class=\"fas fa-wrench\"><\/i><\/span><\/div>\n\n\n\n<h3 class=\"has-text-align-center\">DESIGN &amp; FABRICATION\u200b <\/h3>\n\n\n\n<p class=\"has-text-align-center\">Designs r\u00e9fl\u00e9chis et beaucoup de soin apport\u00e9 a la r\u00e9alisation.\u200b<\/p>\n<\/div>\n<\/div>\n\n\n\n<div id=\"wp-block-themeisle-blocks-advanced-column-aec36e02\" class=\"wp-block-themeisle-blocks-advanced-column\">\n<div class=\"wp-block-themeisle-blocks-service\">\n<div id=\"wp-block-themeisle-blocks-font-awesome-icons-5ec64590\" class=\"wp-block-themeisle-blocks-font-awesome-icons\"><span class=\"wp-block-themeisle-blocks-font-awesome-icons-container\"><i class=\"fas fa-cogs\"><\/i><\/span><\/div>\n\n\n\n<h3 class=\"has-text-align-center\">PERSONNALISAtion\u200b<\/h3>\n\n\n\n<p class=\"has-text-align-center\">La majorit\u00e9 de nos produits sont personnalisables.\u200b<\/p>\n<\/div>\n<\/div>\n\n\n\n<div id=\"wp-block-themeisle-blocks-advanced-column-dbbcb17e\" class=\"wp-block-themeisle-blocks-advanced-column\">\n<div class=\"wp-block-themeisle-blocks-service\">\n<div id=\"wp-block-themeisle-blocks-font-awesome-icons-1dc604b6\" class=\"wp-block-themeisle-blocks-font-awesome-icons\"><span class=\"wp-block-themeisle-blocks-font-awesome-icons-container\"><i class=\"far fa-thumbs-up\"><\/i><\/span><\/div>\n\n\n\n<h3 class=\"has-text-align-center\">service<\/h3>\n\n\n\n<p class=\"has-text-align-center\">Toujours a votre \u00e9coute afin de vous servir au mieux.\u200b<\/p>\n<\/div>\n<\/div>\n<\/div><\/div>\n<\/div>\n<\/div><\/div>\n\n\n\n<p><\/p>\n","protected":false},"excerpt":{"rendered":"","protected":false},"author":1,"featured_media":0,"parent":0,"menu_order":0,"comment_status":"closed","ping_status":"closed","template":"","meta":{"om_disable_all_campaigns":false,"_monsterinsights_skip_tracking":false,"_monsterinsights_sitenote_active":false,"_monsterinsights_sitenote_note":"","_monsterinsights_sitenote_category":0,"neve_meta_sidebar":"full-width","neve_meta_container":"","neve_meta_enable_content_width":"on","neve_meta_content_width":100,"neve_meta_title_alignment":"","neve_meta_author_avatar":"","neve_post_elements_order":"","neve_meta_disable_header":"","neve_meta_disable_footer":"","neve_meta_disable_title":"on","_themeisle_gutenberg_block_has_review":false,"_ti_tpc_template_sync":false,"_ti_tpc_template_id":"gbqcz9qd7r36jjux7p2c"},"aioseo_notices":[],"_links":{"self":[{"href":"https:\/\/occitania-design.fr\/index.php\/wp-json\/wp\/v2\/pages\/281"}],"collection":[{"href":"https:\/\/occitania-design.fr\/index.php\/wp-json\/wp\/v2\/pages"}],"about":[{"href":"https:\/\/occitania-design.fr\/index.php\/wp-json\/wp\/v2\/types\/page"}],"author":[{"embeddable":true,"href":"https:\/\/occitania-design.fr\/index.php\/wp-json\/wp\/v2\/users\/1"}],"replies":[{"embeddable":true,"href":"https:\/\/occitania-design.fr\/index.php\/wp-json\/wp\/v2\/comments?post=281"}],"version-history":[{"count":3,"href":"https:\/\/occitania-design.fr\/index.php\/wp-json\/wp\/v2\/pages\/281\/revisions"}],"predecessor-version":[{"id":355,"href":"https:\/\/occitania-design.fr\/index.php\/wp-json\/wp\/v2\/pages\/281\/revisions\/355"}],"wp:attachment":[{"href":"https:\/\/occitania-design.fr\/index.php\/wp-json\/wp\/v2\/media?parent=281"}],"curies":[{"name":"wp","href":"https:\/\/api.w.org\/{rel}","templated":true}]}}